{"id":2,"date":"2016-05-10T03:48:21","date_gmt":"2016-05-10T03:48:21","guid":{"rendered":"http:\/\/opony.barycza.com.pl\/?page_id=2"},"modified":"2020-10-16T09:54:03","modified_gmt":"2020-10-16T09:54:03","slug":"sample-page","status":"publish","type":"page","link":"http:\/\/opony.barycza.com.pl\/","title":{"rendered":"91 418 47 15"},"content":{"rendered":"<p>ZAPRASZAMY NA WYMIAN\u0118 OPON!<\/p>\n<blockquote>\n<p>Zadzwo\u0144 i um\u00f3w si\u0119 na konkretn\u0105 godzin\u0119 &#8211; zadbaj o swoje bezpiecze\u0144stwo i nie czekaj!<\/p>\n<\/blockquote>\n<p>Czekamy na Ciebie pod numerem telefonu:<\/p>\n<h1 style=\"text-align: center;\"><img loading=\"lazy\" class=\"alignnone size-medium wp-image-23\" src=\"http:\/\/opony.barycza.com.pl\/wp-content\/uploads\/2020\/10\/DSC01448-1.jpg\" alt=\"\" width=\"1\" height=\"1\" \/><img loading=\"lazy\" class=\"alignnone size-medium wp-image-32\" src=\"http:\/\/opony.barycza.com.pl\/wp-content\/uploads\/2020\/10\/Opony.jpg\" alt=\"\" width=\"1\" height=\"1\" \/>91 418 47 15<\/h1>\n<blockquote>\n<p>Mo\u017cesz u nas te\u017c zam\u00f3wi\u0107 nowe opony, a je\u015bli nie masz miejsca skorzysta\u0107 z przechowywania opon przez ca\u0142y sezon.\u00a0<\/p>\n<\/blockquote>\n<h3>Zapytaj o dodatkowe us\u0142ugi!<\/h3>\n\n\n<div class=\"wp-block-image\"><figure class=\"aligncenter is-resized\"><img loading=\"lazy\" src=\"http:\/\/opony.barycza.com.pl\/wp-content\/uploads\/2020\/10\/Logo_Barycza.jpg\" alt=\"\" class=\"wp-image-6\" width=\"567\" height=\"120\" srcset=\"http:\/\/opony.barycza.com.pl\/wp-content\/uploads\/2020\/10\/Logo_Barycza.jpg 814w, http:\/\/opony.barycza.com.pl\/wp-content\/uploads\/2020\/10\/Logo_Barycza-300x64.jpg 300w, http:\/\/opony.barycza.com.pl\/wp-content\/uploads\/2020\/10\/Logo_Barycza-768x164.jpg 768w\" sizes=\"(max-width: 567px) 100vw, 567px\" \/><\/figure><\/div>\n","protected":false},"excerpt":{"rendered":"<p>ZAPRASZAMY NA WYMIAN\u0118 OPON! Zadzwo\u0144 i um\u00f3w si\u0119 na konkretn\u0105 godzin\u0119 &#8211; zadbaj o swoje bezpiecze\u0144stwo i nie czekaj! Czekamy na Ciebie pod numerem telefonu:&hellip;<\/p>\n","protected":false},"author":1,"featured_media":0,"parent":0,"menu_order":0,"comment_status":"closed","ping_status":"open","template":"","meta":[],"_links":{"self":[{"href":"http:\/\/opony.barycza.com.pl\/index.php?rest_route=\/wp\/v2\/pages\/2"}],"collection":[{"href":"http:\/\/opony.barycza.com.pl\/index.php?rest_route=\/wp\/v2\/pages"}],"about":[{"href":"http:\/\/opony.barycza.com.pl\/index.php?rest_route=\/wp\/v2\/types\/page"}],"author":[{"embeddable":true,"href":"http:\/\/opony.barycza.com.pl\/index.php?rest_route=\/wp\/v2\/users\/1"}],"replies":[{"embeddable":true,"href":"http:\/\/opony.barycza.com.pl\/index.php?rest_route=%2Fwp%2Fv2%2Fcomments&post=2"}],"version-history":[{"count":6,"href":"http:\/\/opony.barycza.com.pl\/index.php?rest_route=\/wp\/v2\/pages\/2\/revisions"}],"predecessor-version":[{"id":37,"href":"http:\/\/opony.barycza.com.pl\/index.php?rest_route=\/wp\/v2\/pages\/2\/revisions\/37"}],"wp:attachment":[{"href":"http:\/\/opony.barycza.com.pl\/index.php?rest_route=%2Fwp%2Fv2%2Fmedia&parent=2"}],"curies":[{"name":"wp","href":"https:\/\/api.w.org\/{rel}","templated":true}]}}